{"id":113,"date":"2021-08-04T23:52:55","date_gmt":"2021-08-04T23:52:55","guid":{"rendered":"https:\/\/madebydq.com\/?page_id=113"},"modified":"2025-11-26T10:07:41","modified_gmt":"2025-11-26T08:07:41","slug":"kontakt","status":"publish","type":"page","link":"https:\/\/tailoredtactiqs.com\/de\/contact\/","title":{"rendered":"Kontakt"},"content":{"rendered":"<section class=\"l-section wpb_row height_medium color_alternate\"><div class=\"l-section-h i-cf\"><div class=\"g-cols vc_row via_grid cols_2 laptops-cols_inherit tablets-cols_inherit mobiles-cols_1 valign_middle type_default stacking_default\"><div class=\"wpb_column vc_column_container\"><div class=\"vc_column-inner\"><div class=\"wpb_text_column us_custom_eecd5a9b hh1\"><div class=\"wpb_wrapper\"><h1><span data-metadata=\"&lt;!--(figmeta)eyJmaWxlS2V5IjoiRlRkWmFocEZqM3BzdEZjcGllaFZMOCIsInBhc3RlSUQiOjE0ODgxMTkzMzgsImRhdGFUeXBlIjoic2NlbmUifQo=(\/figmeta)--&gt;\" style=\"caret-color: #000000; color: #000000; font-style: normal; font-variant-caps: normal; font-weight: 400; letter-spacing: normal; orphans: auto; text-align: start; text-indent: 0px; text-transform: none; white-space: normal; widows: auto; word-spacing: 0px; -webkit-text-stroke-width: 0px; text-decoration: none;\"><\/span>M\u00f6chten Sie Ihr Marketing auf die n\u00e4chste Stufe bringen?<\/h1>\n<\/div><\/div><div class=\"wpb_text_column\"><div class=\"wpb_wrapper\"><p>Unsere Leidenschaft ist es, Unternehmen wie dem Ihren zum Erfolg in der digitalen Welt zu verhelfen. Wenn Sie das wollen:<\/p>\n<ul>\n<li>Steigerung des Markenbewusstseins<\/li>\n<li>Erh\u00f6hen Sie die Besucherzahlen auf Ihrer Website<\/li>\n<li>Mehr Leads generieren<\/li>\n<li>Verbessern Sie die Kundenbindung<\/li>\n<\/ul>\n<p>Wir sind hier, um Ihnen das Fachwissen und die Unterst\u00fctzung zu bieten, die Sie ben\u00f6tigen.<\/p>\n<\/div><\/div><div class=\"wpb_text_column\"><div class=\"wpb_wrapper\"><p>Vom Kleinbetrieb bis zum Gro\u00dfunternehmen, <span class=\"hh1\">haben wir mit Marketingteams auf der ganzen Welt zusammengearbeitet:<\/span><\/p>\n<\/div><\/div><div class=\"g-cols wpb_row us_custom_d674657b via_grid cols_3 laptops-cols_inherit tablets-cols_inherit mobiles-cols_3 valign_middle type_default stacking_default\" style=\"--columns-gap:1.4rem;\"><div class=\"wpb_column vc_column_container us_custom_eb849559 has-link\"><div class=\"vc_column-inner\"><div class=\"w-image us_custom_6125b02c has_height align_center\"><div class=\"w-image-h\"><img decoding=\"async\" width=\"1024\" height=\"1024\" src=\"https:\/\/tailoredtactiqs.com\/wp-content\/uploads\/2024\/11\/Aniise-Beauty-Logo.svg\" class=\"attachment-large size-large\" alt=\"Das Logo von Aniise Beauty, einem Kunden von Tailored Tactiqs mit Sitz in Los Angeles, USA.\" loading=\"lazy\" \/><\/div><\/div><\/div><a target=\"_blank\" title=\"Besuch Aniise Beauty\" href=\"https:\/\/aniise.com\/\" class=\"vc_column-link smooth-scroll\" rel=\"noopener\"><\/a><\/div><div class=\"wpb_column vc_column_container us_custom_eb849559 has-link\"><div class=\"vc_column-inner\"><div class=\"w-image us_custom_6125b02c has_height align_center\"><div class=\"w-image-h\"><img decoding=\"async\" width=\"1024\" height=\"1024\" src=\"https:\/\/tailoredtactiqs.com\/wp-content\/uploads\/2024\/11\/ABC-Logo.svg\" class=\"attachment-large size-large\" alt=\"Logo des Abdorrahman Boroumand Center, einer Menschenrechtsorganisation, die sich f\u00fcr Demokratie im Iran einsetzt.\" loading=\"lazy\" \/><\/div><\/div><\/div><a target=\"_blank\" title=\"Besuchen Sie das Abdorrahman Boroumand Center\" href=\"https:\/\/www.iranrights.org\/\" class=\"vc_column-link smooth-scroll\" rel=\"noopener\"><\/a><\/div><div class=\"wpb_column vc_column_container us_custom_eb849559 has-link\"><div class=\"vc_column-inner\"><div class=\"w-image us_custom_d5a80576 has_height align_none\"><div class=\"w-image-h\"><img decoding=\"async\" width=\"1024\" height=\"1024\" src=\"https:\/\/tailoredtactiqs.com\/wp-content\/uploads\/2024\/10\/Ubisoft-Logo.svg\" class=\"attachment-large size-large\" alt=\"Das Ubisoft-Logo. Wir haben mit diesem Kunden f\u00fcr einen anderen langfristigen Partner von Tailored Tactiqs zusammengearbeitet.\" loading=\"lazy\" \/><\/div><\/div><\/div><a target=\"_blank\" title=\"Ubisoft besuchen\" href=\"https:\/\/www.ubisoft.com\/en-us\/\" class=\"vc_column-link smooth-scroll\" rel=\"noopener\"><\/a><\/div><\/div><div class=\"g-cols wpb_row us_custom_d674657b via_grid cols_3 laptops-cols_inherit tablets-cols_inherit mobiles-cols_3 valign_middle type_default stacking_default\" style=\"--columns-gap:1.4rem;\"><div class=\"wpb_column vc_column_container us_custom_eb849559 has-link\"><div class=\"vc_column-inner\"><div class=\"w-image us_custom_6125b02c has_height align_center\"><div class=\"w-image-h\"><img decoding=\"async\" width=\"1024\" height=\"1024\" src=\"https:\/\/tailoredtactiqs.com\/wp-content\/uploads\/2024\/11\/Amazon-MGM-Studios-Logo.svg\" class=\"attachment-large size-large\" alt=\"Das Logo der Amazon MGM Studios. Tailored Tactiqs hat bereits mehrfach mit diesem Kunden zusammengearbeitet.\" loading=\"lazy\" \/><\/div><\/div><\/div><a target=\"_blank\" title=\"Besuchen Sie Amazon MGM Studios\" href=\"https:\/\/www.mgm.com\" class=\"vc_column-link smooth-scroll\" rel=\"noopener\"><\/a><\/div><div class=\"wpb_column vc_column_container us_custom_eb849559 has-link\"><div class=\"vc_column-inner\"><div class=\"w-image us_custom_6125b02c has_height align_center\"><div class=\"w-image-h\"><img decoding=\"async\" width=\"1024\" height=\"1024\" src=\"https:\/\/tailoredtactiqs.com\/wp-content\/uploads\/2024\/10\/Roku.svg\" class=\"attachment-large size-large\" alt=\"Das Roku-Logo. Wir haben mit Roku im Auftrag eines langj\u00e4hrigen Kunden f\u00fcr eine kurze Marketingkampagne zusammengearbeitet.\" loading=\"lazy\" \/><\/div><\/div><\/div><a target=\"_blank\" title=\"Roku besuchen\" href=\"https:\/\/www.roku.com\/\" class=\"vc_column-link smooth-scroll\" rel=\"noopener\"><\/a><\/div><div class=\"wpb_column vc_column_container us_custom_eb849559 has-link\"><div class=\"vc_column-inner\"><div class=\"w-image us_custom_6125b02c has_height align_center\"><div class=\"w-image-h\"><img decoding=\"async\" width=\"1024\" height=\"1024\" src=\"https:\/\/tailoredtactiqs.com\/wp-content\/uploads\/2024\/10\/YLaw.svg\" class=\"attachment-large size-large\" alt=\"YLAW-Logo, ein gesch\u00e4tzter Partner von Tailored Tactiqs f\u00fcr SEO- und Social Media-Dienstleistungen.\" loading=\"lazy\" \/><\/div><\/div><\/div><a target=\"_blank\" title=\"YLAW besuchen\" href=\"https:\/\/www.ylaw.ca\/\" class=\"vc_column-link smooth-scroll\" rel=\"noopener\"><\/a><\/div><\/div><\/div><\/div><div class=\"wpb_column vc_column_container\"><div class=\"vc_column-inner\"><form class=\"w-form  us-field-style_1 layout_ver show_message_after_sending for_cform us_form_1 validate_by_recaptcha\" action=\"https:\/\/tailoredtactiqs.com\/de\/de\/wp-json\/wp\/v2\/pages\/113\" method=\"post\" data-trp-original-action=\"https:\/\/tailoredtactiqs.com\/de\/de\/wp-json\/wp\/v2\/pages\/113\"><div class=\"w-form-h\"><div class=\"w-form-row for_text required cols_2\">\r\n\t\t<div class=\"w-form-row-field\">\r\n\t\t\t\t\t\t<input aria-label=\"Ihr Name\" type=\"text\" name=\"us_form_1_text_1\" value placeholder=\"Ihr Name *\" data-required=\"true\" aria-required=\"true\"\/>\r\n\t\t\t<\/div>\r\n\t\t<div class=\"w-form-row-state\">F\u00fcllen Sie dieses Feld aus<\/div>\r\n<\/div>\r\n<div class=\"w-form-row for_email required cols_2\">\r\n\t\t<div class=\"w-form-row-field\">\r\n\t\t\t\t\t\t<input aria-label=\"Deine E-Mail\" type=\"email\" name=\"us_form_1_email_1\" value placeholder=\"Ihre E-Mail *\" data-required=\"true\" aria-required=\"true\"\/>\r\n\t\t\t<\/div>\r\n\t\t<div class=\"w-form-row-state\">Bitte geben Sie eine g\u00fcltige E-Mail-Adresse ein.<\/div>\r\n<\/div>\r\n<div class=\"w-form-row for_text required cols_2\">\r\n\t\t<div class=\"w-form-row-field\">\r\n\t\t\t\t\t\t<input aria-label=\"Ihr Firmenname\" type=\"text\" name=\"us_form_1_text_2\" value placeholder=\"Ihr Firmenname *\" data-required=\"true\" aria-required=\"true\"\/>\r\n\t\t\t<\/div>\r\n\t\t<div class=\"w-form-row-state\">F\u00fcllen Sie dieses Feld aus<\/div>\r\n<\/div>\r\n<div class=\"w-form-row for_text cols_2\">\r\n\t\t<div class=\"w-form-row-field\">\r\n\t\t\t\t\t\t<input aria-label=\"Ihre Website\" inputmode=\"url\" type=\"text\" name=\"us_form_1_text_3\" value placeholder=\"Ihre Website\"\/>\r\n\t\t\t<\/div>\r\n\t\t<div class=\"w-form-row-state\">F\u00fcllen Sie dieses Feld aus<\/div>\r\n<\/div>\r\n<div class=\"w-form-row for_textarea required\">\r\n\t\t<div class=\"w-form-row-field\">\r\n\t\t\t\t\t\t<textarea aria-label=\"Worum geht es in Ihrem Unternehmen?\" name=\"us_form_1_textarea_1\" placeholder=\"Worum geht es in Ihrem Unternehmen *\" data-required=\"true\" aria-required=\"true\"><\/textarea>\r\n\t\t\t<\/div>\r\n\t\t<div class=\"w-form-row-state\">F\u00fcllen Sie dieses Feld aus<\/div>\r\n<\/div>\r\n<div class=\"w-form-row for_date required\">\r\n\t\t<div class=\"w-form-row-field\">\r\n\t\t\t\t\t\t<input type=\"text\" name=\"us_form_1_date_1\" value inputmode=\"none\" data-date-format=\"yy-mm-dd\" aria-label=\"Idealer Projektstarttermin\" placeholder=\"Idealer Projektstarttermin *\" data-required=\"true\" aria-required=\"true\"\/>\r\n\t\t\t<\/div>\r\n\t\t<div class=\"w-form-row-state\">F\u00fcllen Sie dieses Feld aus<\/div>\r\n<\/div>\r\n<div class=\"w-form-row for_textarea\">\r\n\t\t<div class=\"w-form-row-field\">\r\n\t\t\t\t\t\t<textarea aria-label=\"Was Sie sonst noch gerne hinzuf\u00fcgen m\u00f6chten\" name=\"us_form_1_textarea_2\" placeholder=\"Was Sie sonst noch gerne hinzuf\u00fcgen m\u00f6chten\"><\/textarea>\r\n\t\t\t<\/div>\r\n\t\t<div class=\"w-form-row-state\">F\u00fcllen Sie dieses Feld aus<\/div>\r\n<\/div>\r\n<div class=\"w-form-row for_agreement required\">\r\n\t\t<div class=\"w-form-row-field\">\r\n\t\t\t\t<label>\r\n\t\t\t<input type=\"checkbox\" value=\"1\" data-required=\"true\" aria-required=\"true\" name=\"us_form_1_agreement_1\"\/>\r\n\t\t\t<span>Mit der Nutzung dieses Formulars erkl\u00e4ren Sie sich einverstanden mit der Speicherung und Verarbeitung Ihrer Daten in \u00dcbereinstimmung mit unseren <a href=\"https:\/\/madebydq.com\/privacy-policy\/\" target=\"_blank\" rel=\"noopener\">Datenschutzbestimmungen<\/a>.<\/span>\r\n\t\t<\/label>\r\n\t\t\t<\/div>\r\n\t\t<div class=\"w-form-row-state\">Sie m\u00fcssen den Bedingungen zustimmen, um fortzufahren<\/div>\r\n<\/div>\r\n<input type=\"hidden\" name=\"action\" value=\"us_ajax_cform\" \/>\r\n<input type=\"hidden\" name=\"post_id\" value=\"0\" \/>\r\n<input type=\"hidden\" name=\"form_index\" value=\"1\" \/>\r\n<div class=\"w-form-row for_submit align_justify\"><button class=\"w-btn us-btn-style_6 with_border_animation pause_on_hover\" type=\"submit\" aria-label=\"Fordern Sie Ihr individuelles Angebot an\"><span class=\"w-btn-inner\"><span class=\"g-preloader type_1\"><\/span><span class=\"w-btn-label\">Fordern Sie Ihr individuelles Angebot an<\/span><\/span><\/button><\/div><\/div><div class=\"w-form-message\"><\/div><div class=\"w-form-json hidden\" onclick='return {&quot;ajaxurl&quot;:&quot;https:\\\/\\\/tailoredtactiqs.com\\\/wp-admin\\\/admin-ajax.php&quot;,&quot;messages&quot;:{&quot;err_empty&quot;:&quot;Fill out this field&quot;,&quot;err_size&quot;:&quot;File size cannot exceed %s MB&quot;,&quot;err_extension&quot;:&quot;%s file type is not allowed&quot;,&quot;err_recaptcha_keys&quot;:&quot;reCAPTCHA keys are incorrect&quot;},&quot;recaptcha_site_key&quot;:&quot;6LchV_EqAAAAABuEH4SuUmCqCv0Gmbfy9cx4pkX8&quot;}'><\/div><input type=\"hidden\" name=\"trp-form-language\" value=\"de\"\/><\/form><div class=\"wpb_text_column us_custom_1b04de86 hh1\"><div class=\"wpb_wrapper\"><p style=\"text-align: center;\">Begrenzte Verf\u00fcgbarkeit - Jetzt Termin buchen<\/p>\n<\/div><\/div><\/div><\/div><\/div><\/div><\/section><section class=\"l-section wpb_row height_medium\"><div class=\"l-section-h i-cf\"><div class=\"g-cols vc_row via_grid cols_1 laptops-cols_inherit tablets-cols_inherit mobiles-cols_1 valign_top type_default stacking_default\"><div class=\"wpb_column vc_column_container\"><div class=\"vc_column-inner\"><div class=\"wpb_text_column\"><div class=\"wpb_wrapper\"><h2 style=\"text-align: center;\"><span data-metadata=\"&lt;!--(figmeta)eyJmaWxlS2V5IjoiRlRkWmFocEZqM3BzdEZjcGllaFZMOCIsInBhc3RlSUQiOjE0ODgxMTkzMzgsImRhdGFUeXBlIjoic2NlbmUifQo=(\/figmeta)--&gt;\" style=\"caret-color: #000000; color: #000000; font-style: normal; font-variant-caps: normal; font-weight: 400; letter-spacing: normal; orphans: auto; text-align: start; text-indent: 0px; text-transform: none; white-space: normal; widows: auto; word-spacing: 0px; -webkit-text-stroke-width: 0px; text-decoration: none;\"><\/span>Verschwenden Sie keine Zeit mehr mit generischem Content, das keine Ergebnisse liefert<\/h2>\n<\/div><\/div><div class=\"wpb_text_column\"><div class=\"wpb_wrapper\"><h5 style=\"text-align: center;\">Unsere bew\u00e4hrten Strategien sorgen f\u00fcr echtes Wachstum. <span class=\"hh1\">Wir verhalfen einem Kunden zu \u00fcber 700.000 organischen Instagram-Followern.<\/span> M\u00f6chten Sie sehen, was wir f\u00fcr Sie tun k\u00f6nnen?<\/h5>\n<\/div><\/div><div class=\"w-separator size_small\"><\/div><div class=\"g-cols wpb_row via_grid cols_1 laptops-cols_inherit tablets-cols_inherit mobiles-cols_1 valign_top type_default stacking_default\" style=\"--columns-gap:3rem;\"><div class=\"wpb_column vc_column_container\"><div class=\"vc_column-inner\"><div class=\"w-grid us_post_carousel type_carousel layout_4996 preload_style_spinner items_2\" id=\"us_post_list_l48d\" style=\"--items:2;--gap:1.5rem;\"><style>.layout_4996 .w-grid-item-h{border-radius:0rem}.layout_4996 .usg_vwrapper_2{transition-duration:0.3s;transform-origin:50% 50%;transform:scale(1) translate(0,0)}.layout_4996 .w-grid-item-h:focus-within .usg_vwrapper_2,.layout_4996 .w-grid-item-h:hover .usg_vwrapper_2{transform:scale(1.02) translate(0,0);opacity:1;background:var(--color-alt-content-bg-alt)!important;color:var(--color-content-heading)!important}.layout_4996 .usg_vwrapper_2{border-radius:25px!important;transition:all 0.3s ease-in-out!important;background:var(--color-content-bg-alt)!important;border:2px solid #BE00FF!important}.layout_4996 .usg_post_custom_field_6{margin-left:auto!important;margin-right:auto!important}.layout_4996 .usg_hwrapper_1{margin-left:24px!important;margin-top:auto!important;margin-bottom:auto!important}.layout_4996 .usg_text_2{font-size:18px!important;line-height:1.2!important;font-family:var(--h1-font-family)!important;max-width:80px!important;margin-bottom:24px!important}.layout_4996 .usg_vwrapper_1{margin-top:24px!important;margin-bottom:24px!important}.layout_4996 .usg_text_3{font-size:48px!important;font-family:var(--h1-font-family)!important}.layout_4996 .usg_post_title_1{font-size:1.6rem!important;font-family:var(--h1-font-family)!important;margin-left:24px!important;margin-bottom:14px!important;margin-right:24px!important}.layout_4996 .usg_post_taxonomy_1{color:#BE00FF!important;font-size:14px!important;margin-left:24px!important;margin-top:14px!important}.layout_4996 .usg_vwrapper_3{height:100px!important}.layout_4996 .usg_hwrapper_2{height:100px!important}.layout_4996 .usg_post_custom_field_1{height:50px!important;margin-left:auto!important;margin-right:auto!important}<\/style><div class=\"w-grid-list owl-carousel valign_stretch dotstyle_circle navstyle_circle arrows-ver-pos_middle arrows-hor-pos_on_sides_outside arrows-disabled_hide owl-responsive-2000 with_arrows\" style=\"--transition-duration:350ms;--arrows-size:1.5rem;--arrows-gap:10px;\">\t<article class=\"w-grid-item size_1x1 post-5226 us_portfolio type-us_portfolio status-publish has-post-thumbnail hentry us_portfolio_tag-social-media-success\" data-id=\"5226\">\r\n\t\t<div class=\"w-grid-item-h\">\r\n\t\t\t\t\t\t<div class=\"w-vwrapper usg_vwrapper_2 align_none valign_middle has-link\" style=\"--vwrapper-gap:0.7rem\"><div class=\"w-vwrapper usg_vwrapper_3 align_none valign_middle\" style=\"--vwrapper-gap:0.7rem\"><div class=\"w-hwrapper usg_hwrapper_2 align_center valign_middle\" style=\"--hwrapper-gap:0.5rem\"><div class=\"w-post-elm post_custom_field usg_post_custom_field_6 type_image client_logo color_link_inherit\"><img decoding=\"async\" width=\"150\" height=\"150\" src=\"https:\/\/tailoredtactiqs.com\/wp-content\/uploads\/2025\/06\/Amazon-MGM-Studios-Logo-Yellow.svg\" class=\"attachment-thumbnail size-thumbnail\" alt=\"Das Amazon MGM Studios-Logo in Gold. Tailored Tactiqs hat bereits mehrfach mit diesem Kunden zusammengearbeitet.\" \/><\/div><\/div><\/div><div class=\"w-post-elm post_image usg_post_image_1 has_ratio\"><img decoding=\"async\" width=\"1024\" height=\"576\" src=\"https:\/\/tailoredtactiqs.com\/wp-content\/uploads\/2025\/01\/Behind-the-Scenes-The-Expanse-Season-5-with-Shohreh-Aghdashloo-1024x576.webp\" class=\"attachment-large size-large wp-post-image\" alt=\"Ein Blick hinter die Kulissen von The Expanse Staffel 5 mit Shohreh Aghdashloo\" \/><div style=\"padding-bottom:56.25%\"><\/div><\/div><div class=\"w-post-elm post_taxonomy usg_post_taxonomy_1 has_text_color style_simple\"><span class=\"term-9 term-social-media-success\">Social Media Erfolgsgeschichten<\/span><\/div><h3 class=\"w-post-elm post_title usg_post_title_1 entry-title color_link_inherit\"><a href=\"https:\/\/tailoredtactiqs.com\/de\/case-studies\/shohreh-aghdashloo-70k-to-700k-followers\/\">Shohreh Aghdashloo: Von 70K auf 700K Follower<\/a><\/h3><div class=\"w-vwrapper usg_vwrapper_1 align_none valign_middle\" style=\"--vwrapper-gap:0rem\"><div class=\"w-hwrapper usg_hwrapper_1 align_left valign_middle\" style=\"--hwrapper-gap:0.8rem\"><p class=\"w-text usg_text_3 icon_atleft\"><span class=\"w-text-h\"><i class=\"fas fa-arrow-up\"><\/i><span class=\"w-text-value\">300%<\/span><\/span><\/p><p class=\"w-text usg_text_2\"><span class=\"w-text-h\"><span class=\"w-text-value\">Social Media Wachstum<\/span><\/span><\/p><div class=\"w-html usg_html_1\"><style>\n    i.fas.fa-arrow-up::before {\n      background: linear-gradient(90deg, rgba(0,255,229,1) 0%, rgba(113,255,136,1) 100%);\n      -webkit-background-clip: text;\n      -webkit-text-fill-color: transparent; \n    }\n<\/style><\/div><\/div><\/div><a href=\"https:\/\/tailoredtactiqs.com\/de\/case-studies\/shohreh-aghdashloo-70k-to-700k-followers\/\" class=\"w-vwrapper-link smooth-scroll\" aria-label=\"Link\"><\/a><\/div>\t\t<\/div>\r\n\t\t\t<\/article>\r\n\t<article class=\"w-grid-item size_1x1 post-3079 us_portfolio type-us_portfolio status-publish has-post-thumbnail hentry us_portfolio_tag-brand-revitalization\" data-id=\"3079\">\r\n\t\t<div class=\"w-grid-item-h\">\r\n\t\t\t\t\t\t<div class=\"w-vwrapper usg_vwrapper_2 align_none valign_middle has-link\" style=\"--vwrapper-gap:0.7rem\"><div class=\"w-vwrapper usg_vwrapper_3 align_none valign_middle\" style=\"--vwrapper-gap:0.7rem\"><div class=\"w-hwrapper usg_hwrapper_2 align_center valign_middle\" style=\"--hwrapper-gap:0.5rem\"><div class=\"w-post-elm post_custom_field usg_post_custom_field_6 type_image client_logo color_link_inherit\"><img decoding=\"async\" width=\"150\" height=\"150\" src=\"https:\/\/tailoredtactiqs.com\/wp-content\/uploads\/2021\/11\/Mother-Miracle-School-Logo.svg\" class=\"attachment-thumbnail size-thumbnail\" alt=\"Das Logo der Mother Miracle School\" \/><\/div><\/div><\/div><div class=\"w-post-elm post_image usg_post_image_1 has_ratio\"><img decoding=\"async\" width=\"1024\" height=\"768\" src=\"https:\/\/tailoredtactiqs.com\/wp-content\/uploads\/2021\/11\/Supporting-Mother-Miracle-School-during-COVID-19-1024x768.jpg\" class=\"attachment-large size-large wp-post-image\" alt=\"Unterst\u00fctzung der Mother Miracle School w\u00e4hrend der COVID-19 Pandemie\" \/><div style=\"padding-bottom:56.25%\"><\/div><\/div><div class=\"w-post-elm post_taxonomy usg_post_taxonomy_1 has_text_color style_simple\"><span class=\"term-10 term-brand-revitalization\">Markenrevitalisierungen<\/span><\/div><h3 class=\"w-post-elm post_title usg_post_title_1 entry-title color_link_inherit\"><a href=\"https:\/\/tailoredtactiqs.com\/de\/case-studies\/supporting-mother-miracle-school\/\">24.000 versorgt und Patenschaften an der Mother Miracle School verdoppelt<\/a><\/h3><div class=\"w-vwrapper usg_vwrapper_1 align_none valign_middle\" style=\"--vwrapper-gap:0rem\"><div class=\"w-hwrapper usg_hwrapper_1 align_left valign_middle\" style=\"--hwrapper-gap:0.8rem\"><p class=\"w-text usg_text_3 icon_atleft\"><span class=\"w-text-h\"><i class=\"fas fa-arrow-up\"><\/i><span class=\"w-text-value\">115%<\/span><\/span><\/p><p class=\"w-text usg_text_2\"><span class=\"w-text-h\"><span class=\"w-text-value\">Social Media Wachstum<\/span><\/span><\/p><div class=\"w-html usg_html_1\"><style>\n    i.fas.fa-arrow-up::before {\n      background: linear-gradient(90deg, rgba(0,255,229,1) 0%, rgba(113,255,136,1) 100%);\n      -webkit-background-clip: text;\n      -webkit-text-fill-color: transparent; \n    }\n<\/style><\/div><\/div><\/div><a href=\"https:\/\/tailoredtactiqs.com\/de\/case-studies\/supporting-mother-miracle-school\/\" class=\"w-vwrapper-link smooth-scroll\" aria-label=\"Link\"><\/a><\/div>\t\t<\/div>\r\n\t\t\t<\/article>\r\n\t<article class=\"w-grid-item size_1x1 post-6292 us_portfolio type-us_portfolio status-publish has-post-thumbnail hentry us_portfolio_tag-social-media-success\" data-id=\"6292\">\r\n\t\t<div class=\"w-grid-item-h\">\r\n\t\t\t\t\t\t<div class=\"w-vwrapper usg_vwrapper_2 align_none valign_middle has-link\" style=\"--vwrapper-gap:0.7rem\"><div class=\"w-vwrapper usg_vwrapper_3 align_none valign_middle\" style=\"--vwrapper-gap:0.7rem\"><div class=\"w-hwrapper usg_hwrapper_2 align_center valign_middle\" style=\"--hwrapper-gap:0.5rem\"><div class=\"w-post-elm post_custom_field usg_post_custom_field_6 type_image client_logo color_link_inherit\"><img decoding=\"async\" width=\"150\" height=\"150\" src=\"https:\/\/tailoredtactiqs.com\/wp-content\/uploads\/2025\/06\/Amazon-MGM-Studios-Logo-Yellow.svg\" class=\"attachment-thumbnail size-thumbnail\" alt=\"Das Amazon MGM Studios-Logo in Gold. Tailored Tactiqs hat bereits mehrfach mit diesem Kunden zusammengearbeitet.\" \/><\/div><div class=\"w-post-elm post_custom_field usg_post_custom_field_1 type_image client_logo_2 color_link_inherit has_height\"><img decoding=\"async\" width=\"150\" height=\"150\" src=\"https:\/\/tailoredtactiqs.com\/wp-content\/uploads\/2025\/06\/Sony-Pictures-Logo-Color.svg\" class=\"attachment-thumbnail size-thumbnail\" alt=\"Das Logo von Sony Pictures in Farbe. Tailored Tactiqs hat bereits mehrfach mit diesem Kunden zusammengearbeitet.\" \/><\/div><\/div><\/div><div class=\"w-post-elm post_image usg_post_image_1 has_ratio\"><img decoding=\"async\" width=\"1024\" height=\"576\" src=\"https:\/\/tailoredtactiqs.com\/wp-content\/uploads\/2025\/06\/Elaida-Sedai-Aghdashloo-Ignites-Wheel-of-Time-Fan-Buzz-1024x576.webp\" class=\"attachment-large size-large wp-post-image\" alt=\"Elaida Sedai-Aghdashloo entfacht Rad der Zeit-Fanboom\" \/><div style=\"padding-bottom:56.25%\"><\/div><\/div><div class=\"w-post-elm post_taxonomy usg_post_taxonomy_1 has_text_color style_simple\"><span class=\"term-9 term-social-media-success\">Social Media Erfolgsgeschichten<\/span><\/div><h3 class=\"w-post-elm post_title usg_post_title_1 entry-title color_link_inherit\"><a href=\"https:\/\/tailoredtactiqs.com\/de\/case-studies\/shohreh-aghdashloo-elaida-sedai\/\">Rad der Zeit: Tailored Tactiqs bewirbt Aghdashloo als Elaida Sedai<\/a><\/h3><div class=\"w-vwrapper usg_vwrapper_1 align_none valign_middle\" style=\"--vwrapper-gap:0rem\"><div class=\"w-hwrapper usg_hwrapper_1 align_left valign_middle\" style=\"--hwrapper-gap:0.8rem\"><p class=\"w-text usg_text_3 icon_atleft\"><span class=\"w-text-h\"><i class=\"fas fa-arrow-up\"><\/i><span class=\"w-text-value\">3.0M<\/span><\/span><\/p><p class=\"w-text usg_text_2\"><span class=\"w-text-h\"><span class=\"w-text-value\">Video-Ansichten<\/span><\/span><\/p><div class=\"w-html usg_html_1\"><style>\n    i.fas.fa-arrow-up::before {\n      background: linear-gradient(90deg, rgba(0,255,229,1) 0%, rgba(113,255,136,1) 100%);\n      -webkit-background-clip: text;\n      -webkit-text-fill-color: transparent; \n    }\n<\/style><\/div><\/div><\/div><a href=\"https:\/\/tailoredtactiqs.com\/de\/case-studies\/shohreh-aghdashloo-elaida-sedai\/\" class=\"w-vwrapper-link smooth-scroll\" aria-label=\"Link\"><\/a><\/div>\t\t<\/div>\r\n\t\t\t<\/article>\r\n<\/div><div class=\"w-grid-carousel-json hidden\" onclick='return {&quot;carousel_settings&quot;:{&quot;aria_labels&quot;:{&quot;prev&quot;:&quot;Zur\\u00fcck&quot;,&quot;next&quot;:&quot;Weiter&quot;},&quot;autoplayContinual&quot;:false,&quot;autoplayContinualCss&quot;:false,&quot;autoplayHoverPause&quot;:false,&quot;autoplayTimeout&quot;:3000,&quot;autoWidth&quot;:false,&quot;smartSpeed&quot;:350,&quot;margin&quot;:0,&quot;mouseDrag&quot;:true,&quot;rtl&quot;:false,&quot;slideBy&quot;:&quot;1&quot;,&quot;touchDrag&quot;:true,&quot;slideTransition&quot;:&quot;&quot;,&quot;responsive&quot;:{&quot;0&quot;:{&quot;autoHeight&quot;:false,&quot;autoplay&quot;:true,&quot;autoplayContinualCss&quot;:false,&quot;autoWidth&quot;:false,&quot;center&quot;:false,&quot;dots&quot;:false,&quot;items&quot;:1,&quot;loop&quot;:true,&quot;nav&quot;:true,&quot;stagePadding&quot;:25,&quot;slideBy&quot;:&quot;1&quot;,&quot;touchDrag&quot;:true,&quot;mouseDrag&quot;:true},&quot;601&quot;:{&quot;items&quot;:2,&quot;autoplay&quot;:false,&quot;autoplayContinualCss&quot;:false,&quot;center&quot;:false,&quot;dots&quot;:false,&quot;nav&quot;:true,&quot;autoHeight&quot;:false,&quot;autoWidth&quot;:false,&quot;loop&quot;:true,&quot;stagePadding&quot;:0}}}}'><\/div><\/div><\/div><\/div><\/div><\/div><\/div><\/div><\/div><\/section>","protected":false},"excerpt":{"rendered":"Kunden\u00fcbersicht Shohreh Aghdashloo, eine Emmy-gekr\u00f6nte Schauspielerin, die f\u00fcr ihre beeindruckende Pr\u00e4senz und unverwechselbare Stimme bekannt ist, und eine langj\u00e4hrige Kundin, wurde f\u00fcr die Rolle der Elaida Sedai in der dritten Staffel von \"Das Rad der Zeit\", einer Vorzeigeserie auf Amazon Prime Video, engagiert. Mit einer leidenschaftlichen globalen Fangemeinde und einer starken Pr\u00e4senz in den sozialen Medien wollte Shohreh ihre Rolle im Rad der...","protected":false},"author":1,"featured_media":0,"parent":0,"menu_order":0,"comment_status":"closed","ping_status":"closed","template":"","meta":{"_acf_changed":false,"postBodyCss":"","postBodyMargin":[],"postBodyPadding":[],"postBodyBackground":{"backgroundType":"classic","gradient":""},"_wp_convertkit_post_meta":{"form":"-1","landing_page":"0","tag":"0","restrict_content":"0"},"footnotes":""},"class_list":["post-113","page","type-page","status-publish","hentry"],"acf":[],"_links":{"self":[{"href":"https:\/\/tailoredtactiqs.com\/de\/wp-json\/wp\/v2\/pages\/113","targetHints":{"allow":["GET"]}}],"collection":[{"href":"https:\/\/tailoredtactiqs.com\/de\/wp-json\/wp\/v2\/pages"}],"about":[{"href":"https:\/\/tailoredtactiqs.com\/de\/wp-json\/wp\/v2\/types\/page"}],"author":[{"embeddable":true,"href":"https:\/\/tailoredtactiqs.com\/de\/wp-json\/wp\/v2\/users\/1"}],"replies":[{"embeddable":true,"href":"https:\/\/tailoredtactiqs.com\/de\/wp-json\/wp\/v2\/comments?post=113"}],"version-history":[{"count":0,"href":"https:\/\/tailoredtactiqs.com\/de\/wp-json\/wp\/v2\/pages\/113\/revisions"}],"wp:attachment":[{"href":"https:\/\/tailoredtactiqs.com\/de\/wp-json\/wp\/v2\/media?parent=113"}],"curies":[{"name":"wp","href":"https:\/\/api.w.org\/{rel}","templated":true}]}}