{"id":5760,"date":"2025-02-01T18:15:03","date_gmt":"2025-02-01T16:15:03","guid":{"rendered":"https:\/\/tailoredtactiqs.com\/?page_id=5760"},"modified":"2025-07-16T01:31:26","modified_gmt":"2025-07-15T23:31:26","slug":"safelist-digital-tactician","status":"publish","type":"page","link":"https:\/\/tailoredtactiqs.com\/de\/safelist-digital-tactician\/","title":{"rendered":"Safelist Digital Tactician"},"content":{"rendered":"<section class=\"l-section wpb_row height_medium color_alternate\"><div class=\"l-section-h i-cf\"><div class=\"g-cols vc_row via_grid cols_1 laptops-cols_inherit tablets-cols_inherit mobiles-cols_1 valign_middle type_default stacking_default\"><div class=\"wpb_column vc_column_container\"><div class=\"vc_column-inner\"><div class=\"wpb_text_column us_custom_eecd5a9b hh1\"><div class=\"wpb_wrapper\"><h1><span class=\"ez-toc-section\" id=\"i\"><\/span><span data-metadata=\"&lt;!--(figmeta)eyJmaWxlS2V5IjoiRlRkWmFocEZqM3BzdEZjcGllaFZMOCIsInBhc3RlSUQiOjE0ODgxMTkzMzgsImRhdGFUeXBlIjoic2NlbmUifQo=(\/figmeta)--&gt;\" style=\"caret-color: #000000; color: #000000; font-style: normal; font-variant-caps: normal; font-weight: 400; letter-spacing: normal; orphans: auto; text-align: start; text-indent: 0px; text-transform: none; white-space: normal; widows: auto; word-spacing: 0px; -webkit-text-stroke-width: 0px; text-decoration: none;\"><\/span>Wie kann ich den Digital Tactician-Newsletter als Kontakt hinzuf\u00fcgen?<span class=\"ez-toc-section-end\"><\/span><\/h1>\n<\/div><\/div><div class=\"wpb_text_column\"><div class=\"wpb_wrapper\"><p>Wenn Sie uns als Kontakt hinzuf\u00fcgen, erhalten Sie unsere Aktualisierungen direkt in Ihrem Posteingang. Nachstehend finden Sie die Schritte f\u00fcr verschiedene E-Mail-Anbieter. Befolgen Sie die Anweisungen Ihres Anbieters, um unsere E-Mails weiterhin zu erhalten.<\/p>\n<\/div><\/div><div class=\"wpb_text_column us_custom_8889e6af has_text_color\"><div class=\"wpb_wrapper\"><p>Zuletzt aktualisiert: Februar 1, 2025<\/p>\n<\/div><\/div><div class=\"w-separator size_medium\"><\/div><div class=\"g-cols wpb_row via_grid cols_1 laptops-cols_inherit tablets-cols_inherit mobiles-cols_1 valign_middle type_default stacking_default\" style=\"--columns-gap:3rem;\"><div class=\"wpb_column vc_column_container\"><div class=\"vc_column-inner\"><div class=\"w-iconbox iconpos_left style_default color_custom align_left\"><div class=\"w-iconbox-icon\" style=\"font-size:1.3rem;--icon-color:#ffffff;\"><i class=\"fab fa-google\"><\/i><\/div><div class=\"w-iconbox-meta\"><h3 class=\"w-iconbox-title\"><span class=\"ez-toc-section\" id=\"Gmail\"><\/span>Google Mail<span class=\"ez-toc-section-end\"><\/span><\/h3><div class=\"w-iconbox-text\"><ol>\n<li><a href=\"https:\/\/mail.google.com\/\" target=\"_blank\" rel=\"noopener\">Melden Sie sich bei Ihrem Gmail-Konto an<\/a>.<\/li>\n<li>Gehe zu <a href=\"https:\/\/contacts.google.com\/\" target=\"_blank\" rel=\"noopener\">Google-Kontakte<\/a>.<\/li>\n<li>Klicken Sie auf \"Kontakt erstellen\" in der oberen linken Ecke.<\/li>\n<li>W\u00e4hlen Sie im Dropdown-Men\u00fc \"Kontakt erstellen\".<\/li>\n<li class=\"translation-block\">Geben Sie unsere E-Mail Adresse <strong>(tactician@tailoredtactiqs.com)<\/strong> in das Feld \"E-Mail\" ein und f\u00fcgen Sie unseren Namen hinzu.<\/li>\n<li>Klicken Sie auf \"Speichern\", um uns zu Ihren Kontakten hinzuzuf\u00fcgen.<\/li>\n<\/ol>\n<\/div><\/div><\/div><div class=\"w-separator size_medium with_line width_default thick_1 style_solid color_border align_center\"><div class=\"w-separator-h\"><\/div><\/div><div class=\"w-iconbox iconpos_left style_default color_custom align_left\"><div class=\"w-iconbox-icon\" style=\"font-size:1.3rem;--icon-color:#ffffff;\"><i class=\"fab fa-yahoo\"><\/i><\/div><div class=\"w-iconbox-meta\"><h3 class=\"w-iconbox-title\"><span class=\"ez-toc-section\" id=\"Yahoo\"><\/span>Yahoo!<span class=\"ez-toc-section-end\"><\/span><\/h3><div class=\"w-iconbox-text\"><ol>\n<li><a href=\"https:\/\/login.yahoo.com\/\" target=\"_blank\" rel=\"noopener\">Melden Sie sich bei Ihrem Yahoo Mail-Konto an<\/a>.<\/li>\n<li>Klicken Sie auf das Symbol \"Kontakte\", das sich auf der rechten Seite des Postfachs befindet.<\/li>\n<li>Klicken Sie in der Seitenleiste \"Kontakte\" auf \"Neuen Kontakt hinzuf\u00fcgen\" am unteren Rand.<\/li>\n<li class=\"translation-block\">Geben Sie unseren Namen und unsere E-Mail-Adresse <strong>(tactician@tailoredtactiqs.com)<\/strong> in die vorgesehenen Felder ein.<\/li>\n<li>Klicken Sie auf \"Speichern\", um uns zu Ihrer Kontaktliste hinzuzuf\u00fcgen.<\/li>\n<\/ol>\n<\/div><\/div><\/div><div class=\"w-separator size_medium with_line width_default thick_1 style_solid color_border align_center\"><div class=\"w-separator-h\"><\/div><\/div><div class=\"w-iconbox iconpos_left style_default color_custom align_left\"><div class=\"w-iconbox-icon\" style=\"font-size:1.3rem;--icon-color:#ffffff;\"><i class=\"fab fa-microsoft\"><\/i><\/div><div class=\"w-iconbox-meta\"><h3 class=\"w-iconbox-title\"><span class=\"ez-toc-section\" id=\"Outlook\"><\/span>Outlook<span class=\"ez-toc-section-end\"><\/span><\/h3><div class=\"w-iconbox-text\"><ol>\n<li><a href=\"https:\/\/outlook.live.com\/\" target=\"_blank\" rel=\"noopener\">Melden Sie sich bei Ihrem Outlook-Konto an<\/a>.<\/li>\n<li>Klicken Sie auf das Symbol \"Personen\" in der linken Seitenleiste, um Ihre Kontakte zu \u00f6ffnen.<\/li>\n<li>W\u00e4hlen Sie oben auf dem Bildschirm \"Neuer Kontakt\".<\/li>\n<li>Geben Sie unseren Namen und unsere E-Mail-Adresse ein <strong>(tactician@tailoredtactiqs.com)<\/strong>.<\/li>\n<li>Klicken Sie auf \"Erstellen\", um uns als neuen Kontakt zu speichern.<\/li>\n<\/ol>\n<\/div><\/div><\/div><div class=\"w-separator size_medium with_line width_default thick_1 style_solid color_border align_center\"><div class=\"w-separator-h\"><\/div><\/div><div class=\"w-iconbox iconpos_left style_default color_custom align_left\"><div class=\"w-iconbox-icon\" style=\"font-size:1.3rem;--icon-color:#ffffff;\"><i class=\"fab fa-apple\"><\/i><\/div><div class=\"w-iconbox-meta\"><h3 class=\"w-iconbox-title\"><span class=\"ez-toc-section\" id=\"Apple_Mail\"><\/span>Apple Mail<span class=\"ez-toc-section-end\"><\/span><\/h3><div class=\"w-iconbox-text\"><ol>\n<li>\u00d6ffnen Sie die Kontakte-App auf Ihrem Mac.<\/li>\n<li>Klicken Sie auf das \"+\"-Symbol am unteren Rand des Fensters und w\u00e4hlen Sie \"Neuer Kontakt\".<\/li>\n<li class=\"translation-block\">Geben Sie unseren Namen und unsere E-Mail-Adresse <strong>(tactician@tailoredtactiqs.com)<\/strong> in die entsprechenden Felder ein.<\/li>\n<li>Klicken Sie auf \"Fertig\", um uns als Kontakt zu speichern.<\/li>\n<\/ol>\n<\/div><\/div><\/div><div class=\"w-separator size_medium with_line width_default thick_1 style_solid color_border align_center\"><div class=\"w-separator-h\"><\/div><\/div><div class=\"w-iconbox iconpos_left style_default color_custom align_left\"><div class=\"w-iconbox-icon\" style=\"font-size:1.3rem;--icon-color:#ffffff;\"><i class=\"fas fa-dove\"><\/i><\/div><div class=\"w-iconbox-meta\"><h3 class=\"w-iconbox-title\"><span class=\"ez-toc-section\" id=\"Thunderbird\"><\/span>Thunderbird<span class=\"ez-toc-section-end\"><\/span><\/h3><div class=\"w-iconbox-text\"><ol>\n<li>\u00d6ffnen Sie Mozilla Thunderbird auf Ihrem Computer.<\/li>\n<li>Klicken Sie in der Symbolleiste auf \"Adressbuch\", um Ihre Kontakte zu \u00f6ffnen.<\/li>\n<li>Klicken Sie oben im Adressbuch auf \"Neuer Kontakt\" oder \"Neue Karte\".<\/li>\n<li class=\"translation-block\">Geben Sie im neuen Kontaktfenster unseren Namen und unsere E-Mail-Adresse <strong>(tactician@tailoredtactiqs.com)<\/strong> in die vorgesehenen Felder ein.<\/li>\n<li>Klicken Sie auf \"OK\", um uns als Kontakt zu speichern.<\/li>\n<\/ol>\n<\/div><\/div><\/div><div class=\"w-separator size_medium with_line width_default thick_1 style_solid color_border align_center\"><div class=\"w-separator-h\"><\/div><\/div><\/div><\/div><\/div><div class=\"wpb_text_column\"><div class=\"wpb_wrapper\"><p>Wenn Sie Fragen haben oder Hilfe ben\u00f6tigen, z\u00f6gern Sie nicht, uns zu kontaktieren <a href=\"https:\/\/mailhide.io\/e\/F95xVCiO\" target=\"_blank\" rel=\"noopener\">E-Mail Adresse offenlegen<\/a>. Wenn Sie uns zu Ihren Kontakten hinzuf\u00fcgen, k\u00f6nnen Sie sicher sein, dass Sie keine unserer Aktualisierungen verpassen!<\/p>\n<\/div><\/div><\/div><\/div><\/div><\/div><\/section>","protected":false},"excerpt":{"rendered":"Wie kann ich den Digital Tactician-Newsletter als Kontakt hinzuf\u00fcgen? Wenn Sie uns als Kontakt hinzuf\u00fcgen, erhalten Sie unsere Updates direkt in Ihrem Posteingang. Nachfolgend finden Sie die Schritte f\u00fcr verschiedene E-Mail-Anbieter. Folgen Sie den Anweisungen Ihres Anbieters, um unsere E-Mails weiterhin zu erhalten. Zuletzt aktualisiert: 1. Februar 2025 Gmail Melden Sie sich bei Ihrem Gmail...","protected":false},"author":1,"featured_media":0,"parent":0,"menu_order":0,"comment_status":"closed","ping_status":"closed","template":"","meta":{"_acf_changed":false,"postBodyCss":"","postBodyMargin":[],"postBodyPadding":[],"postBodyBackground":{"backgroundType":"classic","gradient":""},"_wp_convertkit_post_meta":{"form":"-1","landing_page":"0","tag":"0","restrict_content":"0"},"footnotes":""},"class_list":["post-5760","page","type-page","status-publish","hentry"],"acf":[],"_links":{"self":[{"href":"https:\/\/tailoredtactiqs.com\/de\/wp-json\/wp\/v2\/pages\/5760","targetHints":{"allow":["GET"]}}],"collection":[{"href":"https:\/\/tailoredtactiqs.com\/de\/wp-json\/wp\/v2\/pages"}],"about":[{"href":"https:\/\/tailoredtactiqs.com\/de\/wp-json\/wp\/v2\/types\/page"}],"author":[{"embeddable":true,"href":"https:\/\/tailoredtactiqs.com\/de\/wp-json\/wp\/v2\/users\/1"}],"replies":[{"embeddable":true,"href":"https:\/\/tailoredtactiqs.com\/de\/wp-json\/wp\/v2\/comments?post=5760"}],"version-history":[{"count":0,"href":"https:\/\/tailoredtactiqs.com\/de\/wp-json\/wp\/v2\/pages\/5760\/revisions"}],"wp:attachment":[{"href":"https:\/\/tailoredtactiqs.com\/de\/wp-json\/wp\/v2\/media?parent=5760"}],"curies":[{"name":"wp","href":"https:\/\/api.w.org\/{rel}","templated":true}]}}